{"id":814,"date":"2024-04-20T14:08:11","date_gmt":"2024-04-20T11:08:11","guid":{"rendered":"http:\/\/jnats.eu\/?post_type=product&#038;p=814"},"modified":"2024-07-11T11:51:08","modified_gmt":"2024-07-11T08:51:08","slug":"nakayama-asagi-maruka-japoniskas-naturalus-galandimo-akmuo","status":"publish","type":"product","link":"https:\/\/jnats.eu\/ro\/product-2\/nakayama-asagi-maruka-japoniskas-naturalus-galandimo-akmuo\/","title":{"rendered":"Nakayama Asagi Maruka piatr\u0103 natural\u0103 de ascu\u021bit japonez\u0103"},"content":{"rendered":"<p>Aceast\u0103 piatr\u0103 este dur\u0103 \u0219i extrem de fin\u0103, capabil\u0103 s\u0103 prelucreze cu u\u0219urin\u021b\u0103 aparatele de ras. De\u0219i este destul de ferm, are un r\u0103spuns mai bun dec\u00e2t media \u00een compara\u021bie cu alte pietre de aceast\u0103 dimensiune a granulelor. Poate fi folosit \u0219i pentru unelte \u0219i cu\u021bite de t\u00e2mpl\u0103rie. Va l\u0103sa un argintiu str\u0103lucitor \u0219i o lustruire san mai detaliat\u0103. Acestea sunt pietre de finisare foarte puternice din toate punctele de vedere.<\/p>\n\n\n\n<p>Piatra Nakayama este renumit\u0103 pentru marca Kato Mutsuyama Maruka cu litera \"ka\" \u0219i sigiliul Seihonzan \u32d5\u6b63\u672c\u5c71. Kato Mutsuyama a fost primul care a sculptat un astfel de sigiliu. Pietrele supradimensionate, mari sau brute nu purtau ini\u021bial marca Maruka. Cu toate acestea, exist\u0103 \u0219i produse de calitate \u0219i pietre de ascu\u021bit non-standard care au fost ulterior \u0219tampilate cu \u0219tampila Maruka \u00een timpul prelucr\u0103rii finale \u00een comer\u021bul cu am\u0103nuntul, precum \u0219i pietre t\u0103iate de v\u00e2nz\u0103tor din pietre brute f\u0103r\u0103 \u0219tampila \u02bb\u672c\u5c71. \u00cen plus, pietrele de \u0219lefuit Nakayama v\u00e2ndute \u00eenainte de perioada de \u0219tampilare nu poart\u0103 \u0219tampila Maruka. <\/p>\n\n\n\n<p>\u00cen orice caz, dac\u0103 este o piatr\u0103 Kato Mutsuyama extras\u0103 din aceast\u0103 min\u0103, va fi aceea\u0219i piatr\u0103 Nakayama, indiferent dac\u0103 poart\u0103 sau nu marca Maruka. Sigiliul \u32d5\u6b63\u672c\u5c71 \u00een sine poate sau nu poate fi prezent, \u00een func\u021bie de canalul de distribu\u021bie, \u0219i nu garanteaz\u0103 calitatea. Nu numai Nakayama, ci \u0219i alte pietre de \u0219lefuit naturale sunt fiecare diferite \u0219i nu exist\u0103 dou\u0103 la fel. \u00cen plus, au trecut mul\u021bi ani de la \u00eenchiderea minei, astfel \u00eenc\u00e2t exist\u0103 din ce \u00een ce mai pu\u021bine exemplare bune pe pia\u021b\u0103 \u00een fiecare an.<\/p>\n\n\n\n<p>Datorit\u0103 rarit\u0103\u021bii lor \u0219i a puterii brandului, exist\u0103 multe falsuri, a\u0219a c\u0103 v\u0103 recomand\u0103m s\u0103 nu v\u0103 \u00eencrede\u021bi prea mult \u00een \u0219tampila Maruka \u0219i s\u0103 evalua\u021bi piatra cu proprii ochi.&nbsp;<\/p>\n\n\n\n<p>Mina Kato este situat\u0103 \u00een Mun\u021bii Nakayama, unde se extr\u0103geau pietre de ascu\u021bit, \u0219i a fost denumit\u0103 astfel deoarece a fost de\u021binut\u0103 de domnul Kato. \"Hatanaka Whetstone\" este un fost magazin de pietre cu tradi\u021bie \u00een Kyoto. Dup\u0103 r\u0103zboi, v\u00e2nzarea pietrelor de ascu\u021bit Nakayama extrase de Kato \u00een Utsuyama a fost gestionat\u0103 de un grup de cinci persoane de la un important magazin de pietre din Kyoto. Dintre ace\u0219tia, se spune c\u0103 Hatanaka Toishi a fost cel \u00een care proprietarii mun\u021bilor au avut cea mai mare \u00eencredere pentru o perioad\u0103 de timp. \u00cen 1952, Hatanaka Toishi a \u00eenregistrat marca \"Junshin Honzan\" (\u7d14\u771f\u6b63\u672c\u5c71) pentru a se distinge de al\u021bi comercian\u021bi. Dup\u0103 1980, drepturile asupra minei Nakayama au fost achizi\u021bionate de Hatanaka Whetstone \u0219i au devenit proprietarii m\u0103rcii Maruka. \u00cen acela\u0219i timp, pietrele din aceast\u0103 min\u0103 au fost distribuite \u0219i prin intermediul altor comercian\u021bi cu am\u0103nuntul.<\/p>\n\n\n\n<p><strong>Nakayama (\u4e2d\u5c71)<\/strong><br>Aceast\u0103 min\u0103 din Est este renumit\u0103 pentru pietrele sale awasedo, care completeaz\u0103 procesul de ascu\u021bire. O piatr\u0103 cu mai multe straturi (Hondomae Shikitomae) cu un \u201ecoleg\u201d de culoare diferit\u0103 este apreciat\u0103 \u00een special de dulgheri \u0219i ascu\u021bitori. \u00cen compara\u021bie cu pietrele de duritate \u0219i fine\u021be similare din alte mine, produsele Nakayama sunt cunoscute pentru senza\u021bia lor de ascu\u021bire mai pl\u0103cut\u0103. Pietrele Nakayama autentice poart\u0103 adesea faimoasa \u0219tampil\u0103 Maruka \u32d5\u6b63\u672c\u5c71.<\/p>\n\n\n\n<figure class=\"wp-block-embed is-type-video is-provider-youtube wp-block-embed-youtube wp-embed-aspect-16-9 wp-has-aspect-ratio\"><div class=\"wp-block-embed__wrapper\">\n<div class=\"video-container\"><iframe title=\"Awasedo Jnats Ozuku Asagi Okudo Shobudani Karasu Kyoto Shinzen\" width=\"1170\" height=\"658\" src=\"https:\/\/www.youtube.com\/embed\/WR-t0Lxs7XY?start=612&#038;feature=oembed\" frameborder=\"0\" allow=\"accelerometer; autoplay; clipboard-write; encrypted-media; gyroscope; picture-in-picture; web-share\" referrerpolicy=\"strict-origin-when-cross-origin\" allowfullscreen><\/iframe><\/div>\n<\/div><\/figure>","protected":false},"excerpt":{"rendered":"<ul>\n<li>Potrivit pentru finisarea briciurilor, cu\u021bitelor \u0219i uneltelor.<\/li>\n<li>Dimensiuni: 210x52x30 mm<\/li>\n<li>Greutate: 860 g<\/li>\n<li>Duritate: Lv 5+<\/li>\n<li>Linii sigure<\/li>\n<li>O piatr\u0103 foarte tare este favorit\u0103 printre ascu\u021bitoarele de brici, deoarece permite o claritate maxim\u0103. Lucrul poate fi accelerat cu ajutorul suspensiei Nagura sau prin frecare cu o plac\u0103 de diamant grosier. \u0218tampila Maruka \u32d5\u6b63\u672c\u5c71 abia se vede, dar este acolo. Acest lucru este confirmat de cea mai \u00eenalt\u0103 calitate a lucr\u0103rilor cu piatr\u0103.\u00a0<\/li>\n<\/ul>","protected":false},"featured_media":1347,"comment_status":"open","ping_status":"closed","template":"","meta":[],"product_brand":[],"product_cat":[22],"product_tag":[45,58,49],"class_list":{"0":"post-814","1":"product","2":"type-product","3":"status-publish","4":"has-post-thumbnail","6":"product_cat-jnats","7":"product_tag-asagi","8":"product_tag-maruka","9":"product_tag-nakayama","10":"product_shipping_class-iprastas","12":"first","13":"outofstock","14":"sale","15":"shipping-taxable","16":"purchasable","17":"product-type-simple"},"_links":{"self":[{"href":"https:\/\/jnats.eu\/ro\/wp-json\/wp\/v2\/product\/814","targetHints":{"allow":["GET"]}}],"collection":[{"href":"https:\/\/jnats.eu\/ro\/wp-json\/wp\/v2\/product"}],"about":[{"href":"https:\/\/jnats.eu\/ro\/wp-json\/wp\/v2\/types\/product"}],"replies":[{"embeddable":true,"href":"https:\/\/jnats.eu\/ro\/wp-json\/wp\/v2\/comments?post=814"}],"wp:featuredmedia":[{"embeddable":true,"href":"https:\/\/jnats.eu\/ro\/wp-json\/wp\/v2\/media\/1347"}],"wp:attachment":[{"href":"https:\/\/jnats.eu\/ro\/wp-json\/wp\/v2\/media?parent=814"}],"wp:term":[{"taxonomy":"product_brand","embeddable":true,"href":"https:\/\/jnats.eu\/ro\/wp-json\/wp\/v2\/product_brand?post=814"},{"taxonomy":"product_cat","embeddable":true,"href":"https:\/\/jnats.eu\/ro\/wp-json\/wp\/v2\/product_cat?post=814"},{"taxonomy":"product_tag","embeddable":true,"href":"https:\/\/jnats.eu\/ro\/wp-json\/wp\/v2\/product_tag?post=814"}],"curies":[{"name":"wp","href":"https:\/\/api.w.org\/{rel}","templated":true}]}}