{"id":833,"date":"2024-03-15T14:37:41","date_gmt":"2024-03-15T12:37:41","guid":{"rendered":"http:\/\/jnats.eu\/?post_type=product&#038;p=833"},"modified":"2024-06-07T19:25:02","modified_gmt":"2024-06-07T16:25:02","slug":"shobudani-kiita-japoniskas-naturalus-galandimo-akmuo","status":"publish","type":"product","link":"https:\/\/jnats.eu\/ro\/product-2\/shobudani-kiita-japoniskas-naturalus-galandimo-akmuo\/","title":{"rendered":"Shobudani Kiita Piatr\u0103 natural\u0103 japonez\u0103 de ascu\u021bit"},"content":{"rendered":"<ul class=\"wp-block-list\">\n<li>Potrivit pentru finisarea briciurilor, cu\u021bitelor \u0219i uneltelor.<\/li>\n\n\n\n<li>Dimensiuni: 195x71x21 mm<\/li>\n\n\n\n<li>Greutate: 740 g<\/li>\n\n\n\n<li>Duritate: Lv 4.5<\/li>\n\n\n\n<li>O piatr\u0103 dur\u0103, rapid\u0103, care \u00ee\u0219i elibereaz\u0103 u\u0219or suspensia, astfel \u00eenc\u00e2t nu este nevoie de cui.<\/li>\n\n\n\n<li>Shobudani este a doua dup\u0103 Nakayama \u00een ierarhia pietrelor de ascu\u021bit naturale japoneze \u0219i nu este departe sau egal\u0103 cu Nakayama \u00een ceea ce prive\u0219te viteza, netezimea, fine\u021bea \u0219i r\u0103spunsul.<\/li>\n<\/ul>\n\n\n\n<figure class=\"wp-block-embed is-type-video is-provider-youtube wp-block-embed-youtube wp-embed-aspect-16-9 wp-has-aspect-ratio\"><div class=\"wp-block-embed__wrapper\">\n<div class=\"video-container\"><iframe title=\"Awasedo Jnats Ozuku Asagi Okudo Shobudani Kyoto Shinzen\" width=\"1170\" height=\"658\" src=\"https:\/\/www.youtube.com\/embed\/WR-t0Lxs7XY?start=289&#038;feature=oembed\" frameborder=\"0\" allow=\"accelerometer; autoplay; clipboard-write; encrypted-media; gyroscope; picture-in-picture; web-share\" allowfullscreen><\/iframe><\/div>\n<\/div><\/figure>\n\n\n\n<p>Principalele avantaje ale pietrelor naturale japoneze de ascu\u021bit:<\/p>\n\n\n\n<ul class=\"wp-block-list\">\n<li>Uneltele r\u0103m\u00e2n ascu\u021bite mai mult timp<\/li>\n\n\n\n<li>Pietrele nu se contamineaz\u0103 cu de\u0219euri metalice<\/li>\n\n\n\n<li>U\u0219or de \u00eendep\u0103rtat supapa de poart\u0103<\/li>\n\n\n\n<li>Un r\u0103spuns uimitor care v\u0103 permite s\u0103 sim\u021bi\u021bi exact ce se \u00eent\u00e2mpl\u0103 pe suprafa\u021ba metalic\u0103.<\/li>\n<\/ul>","protected":false},"excerpt":{"rendered":"<ul>\n<li>Potrivit pentru finisarea briciurilor, cu\u021bitelor \u0219i uneltelor.<\/li>\n<li>Dimensiuni: 195x71x21 mm<\/li>\n<li>Greutate: 740 g<\/li>\n<li>Duritate: Lv 4.5<\/li>\n<li>O piatr\u0103 dur\u0103, rapid\u0103, care \u00ee\u0219i elibereaz\u0103 u\u0219or suspensia, astfel \u00eenc\u00e2t nu este nevoie de cui.<\/li>\n<li>Shobudani este a doua dup\u0103 Nakayama \u00een ierarhia pietrelor de ascu\u021bit naturale japoneze \u0219i nu este departe sau egal\u0103 cu Nakayama \u00een ceea ce prive\u0219te viteza, netezimea, fine\u021bea \u0219i r\u0103spunsul.<\/li>\n<\/ul>","protected":false},"featured_media":1362,"comment_status":"open","ping_status":"closed","template":"","meta":[],"product_brand":[],"product_cat":[22],"product_tag":[44],"class_list":{"0":"post-833","1":"product","2":"type-product","3":"status-publish","4":"has-post-thumbnail","6":"product_cat-jnats","7":"product_tag-shobudani","8":"product_shipping_class-iprastas","10":"first","11":"outofstock","12":"shipping-taxable","13":"purchasable","14":"product-type-simple"},"_links":{"self":[{"href":"https:\/\/jnats.eu\/ro\/wp-json\/wp\/v2\/product\/833","targetHints":{"allow":["GET"]}}],"collection":[{"href":"https:\/\/jnats.eu\/ro\/wp-json\/wp\/v2\/product"}],"about":[{"href":"https:\/\/jnats.eu\/ro\/wp-json\/wp\/v2\/types\/product"}],"replies":[{"embeddable":true,"href":"https:\/\/jnats.eu\/ro\/wp-json\/wp\/v2\/comments?post=833"}],"wp:featuredmedia":[{"embeddable":true,"href":"https:\/\/jnats.eu\/ro\/wp-json\/wp\/v2\/media\/1362"}],"wp:attachment":[{"href":"https:\/\/jnats.eu\/ro\/wp-json\/wp\/v2\/media?parent=833"}],"wp:term":[{"taxonomy":"product_brand","embeddable":true,"href":"https:\/\/jnats.eu\/ro\/wp-json\/wp\/v2\/product_brand?post=833"},{"taxonomy":"product_cat","embeddable":true,"href":"https:\/\/jnats.eu\/ro\/wp-json\/wp\/v2\/product_cat?post=833"},{"taxonomy":"product_tag","embeddable":true,"href":"https:\/\/jnats.eu\/ro\/wp-json\/wp\/v2\/product_tag?post=833"}],"curies":[{"name":"wp","href":"https:\/\/api.w.org\/{rel}","templated":true}]}}