{"id":855,"date":"2024-03-16T10:16:58","date_gmt":"2024-03-16T08:16:58","guid":{"rendered":"http:\/\/jnats.eu\/?post_type=product&#038;p=855"},"modified":"2025-04-09T14:33:27","modified_gmt":"2025-04-09T11:33:27","slug":"nakayama-awasedo-japoniskas-naturalus-galandimo-akmuo","status":"publish","type":"product","link":"https:\/\/jnats.eu\/ro\/product-2\/nakayama-awasedo-japoniskas-naturalus-galandimo-akmuo\/","title":{"rendered":"Piatr\u0103 de ascu\u021bit natural\u0103 japonez\u0103 Nakayama Awasedo"},"content":{"rendered":"<ul class=\"wp-block-list\">\n<li>Potrivit pentru finisarea briciurilor, cu\u021bitelor \u0219i uneltelor.<\/li>\n\n\n\n<li>Dimensiuni: 198x72x27 mm<\/li>\n\n\n\n<li>Greutate cu suport: 1090 g<\/li>\n\n\n\n<li>Duritate: Lv 5+<\/li>\n\n\n\n<li>O piatr\u0103 foarte dur\u0103. Lucrarea poate fi accelerat\u0103 cu un cui sau o plac\u0103 diamantat\u0103.<\/li>\n\n\n\n<li>Piatra de ascu\u021bit extras\u0103 din Mun\u021bii Nakayama este cea mai pre\u021buit\u0103 printre entuzia\u0219ti \u0219i profesioni\u0219ti. \u00cen ierarhia pietrelor de ascu\u021bit naturale japoneze, Nakayama se situeaz\u0103 \u00een v\u00e2rful ierarhiei \u00een ceea ce prive\u0219te toate calit\u0103\u021bile: vitez\u0103, netezime, fine\u021be \u0219i r\u0103spuns.<\/li>\n<\/ul>\n\n\n\n<p>Principalele avantaje ale pietrelor naturale japoneze de ascu\u021bit:<\/p>\n\n\n\n<ul class=\"wp-block-list\">\n<li>Uneltele r\u0103m\u00e2n ascu\u021bite mai mult timp<\/li>\n\n\n\n<li>Pietrele nu se contamineaz\u0103 cu de\u0219euri metalice<\/li>\n\n\n\n<li>U\u0219or de \u00eendep\u0103rtat supapa de poart\u0103<\/li>\n\n\n\n<li>Un r\u0103spuns uimitor care v\u0103 permite s\u0103 sim\u021bi\u021bi exact ce se \u00eent\u00e2mpl\u0103 pe suprafa\u021ba metalic\u0103.<\/li>\n<\/ul>\n\n\n\n<figure class=\"wp-block-embed is-type-video is-provider-youtube wp-block-embed-youtube wp-embed-aspect-16-9 wp-has-aspect-ratio\"><div class=\"wp-block-embed__wrapper\">\n<div class=\"video-container\"><iframe title=\"Noul Kinmoji Kamisori Nakayama Awasedo\" width=\"1170\" height=\"658\" src=\"https:\/\/www.youtube.com\/embed\/SQeigg5Fprs?feature=oembed\" frameborder=\"0\" allow=\"accelerometer; autoplay; clipboard-write; encrypted-media; gyroscope; picture-in-picture; web-share\" referrerpolicy=\"strict-origin-when-cross-origin\" allowfullscreen><\/iframe><\/div>\n<\/div><\/figure>","protected":false},"excerpt":{"rendered":"<ul>\n<li>Potrivit pentru finisarea briciurilor, cu\u021bitelor \u0219i uneltelor.<\/li>\n<li>Dimensiuni: 198x72x27 mm<\/li>\n<li>Greutate cu suport: 1090 g<\/li>\n<li>Duritate: Lv 5+<\/li>\n<li>O piatr\u0103 foarte dur\u0103. Lucrarea poate fi accelerat\u0103 cu un cui sau o plac\u0103 diamantat\u0103.<\/li>\n<li>Piatra de ascu\u021bit extras\u0103 din Mun\u021bii Nakayama este cea mai pre\u021buit\u0103 printre entuzia\u0219ti \u0219i profesioni\u0219ti. \u00cen ierarhia pietrelor de ascu\u021bit naturale japoneze, Nakayama se situeaz\u0103 \u00een v\u00e2rful ierarhiei \u00een ceea ce prive\u0219te toate calit\u0103\u021bile: vitez\u0103, netezime, fine\u021be \u0219i r\u0103spuns.<\/li>\n<\/ul>","protected":false},"featured_media":1292,"comment_status":"open","ping_status":"closed","template":"","meta":[],"product_brand":[],"product_cat":[22],"product_tag":[40,49],"class_list":{"0":"post-855","1":"product","2":"type-product","3":"status-publish","4":"has-post-thumbnail","6":"product_cat-jnats","7":"product_tag-awasedo","8":"product_tag-nakayama","9":"product_shipping_class-iprastas","11":"first","12":"outofstock","13":"sale","14":"shipping-taxable","15":"purchasable","16":"product-type-simple"},"_links":{"self":[{"href":"https:\/\/jnats.eu\/ro\/wp-json\/wp\/v2\/product\/855","targetHints":{"allow":["GET"]}}],"collection":[{"href":"https:\/\/jnats.eu\/ro\/wp-json\/wp\/v2\/product"}],"about":[{"href":"https:\/\/jnats.eu\/ro\/wp-json\/wp\/v2\/types\/product"}],"replies":[{"embeddable":true,"href":"https:\/\/jnats.eu\/ro\/wp-json\/wp\/v2\/comments?post=855"}],"wp:featuredmedia":[{"embeddable":true,"href":"https:\/\/jnats.eu\/ro\/wp-json\/wp\/v2\/media\/1292"}],"wp:attachment":[{"href":"https:\/\/jnats.eu\/ro\/wp-json\/wp\/v2\/media?parent=855"}],"wp:term":[{"taxonomy":"product_brand","embeddable":true,"href":"https:\/\/jnats.eu\/ro\/wp-json\/wp\/v2\/product_brand?post=855"},{"taxonomy":"product_cat","embeddable":true,"href":"https:\/\/jnats.eu\/ro\/wp-json\/wp\/v2\/product_cat?post=855"},{"taxonomy":"product_tag","embeddable":true,"href":"https:\/\/jnats.eu\/ro\/wp-json\/wp\/v2\/product_tag?post=855"}],"curies":[{"name":"wp","href":"https:\/\/api.w.org\/{rel}","templated":true}]}}