{"id":870,"date":"2024-03-16T10:41:10","date_gmt":"2024-03-16T08:41:10","guid":{"rendered":"http:\/\/jnats.eu\/?post_type=product&#038;p=870"},"modified":"2024-11-28T23:41:07","modified_gmt":"2024-11-28T21:41:07","slug":"aiwatani-japoniskas-naturalus-galandimo-akmuo-2","status":"publish","type":"product","link":"https:\/\/jnats.eu\/ro\/product-2\/aiwatani-japoniskas-naturalus-galandimo-akmuo-2\/","title":{"rendered":"Piatr\u0103 de ascu\u021bit natural\u0103 japonez\u0103 Aiwatani"},"content":{"rendered":"<ul class=\"wp-block-list\">\n<li>Potrivit pentru finisarea cu\u021bitelor \u0219i uneltelor. Prefinisare pentru aparate de ras.<\/li>\n\n\n\n<li>Dimensiuni: 220x81x38 mm<\/li>\n\n\n\n<li>Greutate cu suport: 1890 g<\/li>\n\n\n\n<li>Duritate: Lv 3,7<\/li>\n\n\n\n<li>Laturile si suportul sunt lacuite<\/li>\n<\/ul>\n\n\n\n<p><strong>Principalele avantaje ale pietrelor naturale japoneze de ascu\u021bit:<\/strong><\/p>\n\n\n\n<ul class=\"wp-block-list\">\n<li>Uneltele r\u0103m\u00e2n ascu\u021bite mai mult timp<\/li>\n\n\n\n<li>Pietrele nu se contamineaz\u0103 cu de\u0219euri metalice<\/li>\n\n\n\n<li>U\u0219or de \u00eendep\u0103rtat supapa de poart\u0103<\/li>\n\n\n\n<li>Un r\u0103spuns uimitor care v\u0103 permite s\u0103 sim\u021bi\u021bi exact ce se \u00eent\u00e2mpl\u0103 pe suprafa\u021ba metalic\u0103.<\/li>\n<\/ul>\n\n\n\n<figure class=\"wp-block-embed is-type-video is-provider-youtube wp-block-embed-youtube wp-embed-aspect-16-9 wp-has-aspect-ratio\"><div class=\"wp-block-embed__wrapper\">\n<div class=\"video-container\"><iframe title=\"Nakayama Awasedo, Ohira, Shobudani Jnats\" width=\"1170\" height=\"658\" src=\"https:\/\/www.youtube.com\/embed\/lP9TjJLP2BI?feature=oembed\" frameborder=\"0\" allow=\"accelerometer; autoplay; clipboard-write; encrypted-media; gyroscope; picture-in-picture; web-share\" referrerpolicy=\"strict-origin-when-cross-origin\" allowfullscreen><\/iframe><\/div>\n<\/div><\/figure>","protected":false},"excerpt":{"rendered":"<p><!-- wp:list --><\/p>\n<ul><!-- wp:list-item --><\/p>\n<li>Potrivit pentru finisarea cu\u021bitelor \u0219i uneltelor. Prefinisare pentru aparate de ras.<\/li>\n<p><!-- \/wp:list-item --><\/p>\n<p><!-- wp:list-item --><\/p>\n<li>Dimensiuni: 220x81x38 mm<\/li>\n<p><!-- \/wp:list-item --><\/p>\n<p><!-- wp:list-item --><\/p>\n<li>Greutate cu suport: 1890 g<\/li>\n<p><!-- \/wp:list-item --><\/p>\n<p><!-- wp:list-item --><\/p>\n<li>Duritate: Lv 3,7<\/li>\n<li>Elibereaz\u0103 cu u\u0219urin\u021b\u0103 propria suspensie.<\/li>\n<\/ul>","protected":false},"featured_media":1275,"comment_status":"open","ping_status":"closed","template":"","meta":[],"product_brand":[],"product_cat":[22],"product_tag":[65],"class_list":{"0":"post-870","1":"product","2":"type-product","3":"status-publish","4":"has-post-thumbnail","6":"product_cat-jnats","7":"product_tag-aiwatani","8":"product_shipping_class-iprastas","10":"first","11":"outofstock","12":"shipping-taxable","13":"purchasable","14":"product-type-simple"},"_links":{"self":[{"href":"https:\/\/jnats.eu\/ro\/wp-json\/wp\/v2\/product\/870","targetHints":{"allow":["GET"]}}],"collection":[{"href":"https:\/\/jnats.eu\/ro\/wp-json\/wp\/v2\/product"}],"about":[{"href":"https:\/\/jnats.eu\/ro\/wp-json\/wp\/v2\/types\/product"}],"replies":[{"embeddable":true,"href":"https:\/\/jnats.eu\/ro\/wp-json\/wp\/v2\/comments?post=870"}],"wp:featuredmedia":[{"embeddable":true,"href":"https:\/\/jnats.eu\/ro\/wp-json\/wp\/v2\/media\/1275"}],"wp:attachment":[{"href":"https:\/\/jnats.eu\/ro\/wp-json\/wp\/v2\/media?parent=870"}],"wp:term":[{"taxonomy":"product_brand","embeddable":true,"href":"https:\/\/jnats.eu\/ro\/wp-json\/wp\/v2\/product_brand?post=870"},{"taxonomy":"product_cat","embeddable":true,"href":"https:\/\/jnats.eu\/ro\/wp-json\/wp\/v2\/product_cat?post=870"},{"taxonomy":"product_tag","embeddable":true,"href":"https:\/\/jnats.eu\/ro\/wp-json\/wp\/v2\/product_tag?post=870"}],"curies":[{"name":"wp","href":"https:\/\/api.w.org\/{rel}","templated":true}]}}