{"id":5987,"date":"2026-04-29T11:32:58","date_gmt":"2026-04-29T08:32:58","guid":{"rendered":"https:\/\/jnats.eu\/?post_type=product&#038;p=5987"},"modified":"2026-04-29T11:32:59","modified_gmt":"2026-04-29T08:32:59","slug":"japoniskas-virtuvinis-peilis-santoku-aogami","status":"publish","type":"product","link":"https:\/\/jnats.eu\/ru\/%d0%bf%d1%80%d0%be%d0%b4%d1%83%d0%ba%d1%82\/japoniskas-virtuvinis-peilis-santoku-aogami\/","title":{"rendered":"\u042f\u043f\u043e\u043d\u0441\u043a\u0438\u0439 \u043a\u0443\u0445\u043e\u043d\u043d\u044b\u0439 \u043d\u043e\u0436 \u0421\u0430\u043d\u0442\u043e\u043a\u0443 (\u0410\u043e\u0433\u0430\u043c\u0438)"},"content":{"rendered":"<figure class=\"wp-block-embed is-type-video is-provider-youtube wp-block-embed-youtube wp-embed-aspect-16-9 wp-has-aspect-ratio\"><div class=\"wp-block-embed__wrapper\">\n<div class=\"video-container\"><iframe title=\"\u0422\u0432\u043e\u0440\u0446\u044b \u0441 1000-\u043b\u0435\u0442\u043d\u0438\u043c \u043e\u043f\u044b\u0442\u043e\u043c \u043f\u0440\u043e\u0442\u0438\u0432... \u043a\u0430\u043c\u043d\u044f, \u0441\u043e\u0437\u0434\u0430\u043d\u043d\u043e\u0433\u043e \u0411\u043e\u0433\u043e\u043c \ud83d\udc80\" width=\"1170\" height=\"658\" src=\"https:\/\/www.youtube.com\/embed\/fpQGJe5qSjo?start=946&#038;feature=oembed\" frameborder=\"0\" allow=\"accelerometer; autoplay; clipboard-write; encrypted-media; gyroscope; picture-in-picture; web-share\" referrerpolicy=\"strict-origin-when-cross-origin\" allowfullscreen><\/iframe><\/div>\n<\/div><\/figure>\n\n\n\n<p>\u0410\u0443\u0442\u0435\u043d\u0442\u0438\u0447\u043d\u044b\u0439 \u044f\u043f\u043e\u043d\u0441\u043a\u0438\u0439 \u043a\u0443\u0445\u043e\u043d\u043d\u044b\u0439 \u043d\u043e\u0436 \u0441 \u043e\u0440\u0438\u0433\u0438\u043d\u0430\u043b\u044c\u043d\u043e\u0439 \u043a\u043e\u0440\u043e\u0431\u043a\u043e\u0439 \u0438 \u043f\u043b\u0430\u0441\u0442\u0438\u043a\u043e\u0432\u044b\u043c\u0438 \u0437\u0430\u0449\u0438\u0442\u043d\u044b\u043c\u0438 \u043d\u043e\u0436\u043d\u0430\u043c\u0438. \u041b\u0435\u0433\u043a\u0438\u0439, \u0442\u043e\u043d\u043a\u0438\u0439 \u0438 \u0442\u043e\u0447\u043d\u044b\u0439 \u0438\u043d\u0441\u0442\u0440\u0443\u043c\u0435\u043d\u0442 \u0434\u043b\u044f \u043f\u043e\u0432\u0441\u0435\u0434\u043d\u0435\u0432\u043d\u043e\u0439 \u0440\u0430\u0431\u043e\u0442\u044b \u043d\u0430 \u043a\u0443\u0445\u043d\u0435. \u0411\u043b\u0430\u0433\u043e\u0434\u0430\u0440\u044f \u0442\u043e\u043d\u043a\u043e\u0439 \u0433\u0435\u043e\u043c\u0435\u0442\u0440\u0438\u0438 (\u0432\u0441\u0435\u0433\u043e 1,5 \u043c\u043c \u0443 \u043f\u043e\u0437\u0432\u043e\u043d\u043e\u0447\u043d\u0438\u043a\u0430), \u043e\u043d \u043e\u0431\u043b\u0430\u0434\u0430\u0435\u0442 \u043e\u0447\u0435\u043d\u044c \u0445\u043e\u0440\u043e\u0448\u0438\u043c\u0438 \u0440\u0435\u0436\u0443\u0449\u0438\u043c\u0438 \u0441\u0432\u043e\u0439\u0441\u0442\u0432\u0430\u043c\u0438 \u0438 \u0447\u0438\u0441\u0442\u043e\u0442\u043e\u0439 \u0440\u0435\u0437\u0430.<\/p>\n\n\n\n<ul class=\"wp-block-list\">\n<li><strong>\u0422\u0435\u0445\u043d\u0438\u0447\u0435\u0441\u043a\u0438\u0435 \u0445\u0430\u0440\u0430\u043a\u0442\u0435\u0440\u0438\u0441\u0442\u0438\u043a\u0438<\/strong><\/li>\n\n\n\n<li>\u041b\u0435\u0437\u0432\u0438\u0435: 165 \u00d7 43 \u00d7 1,5 \u043c\u043c<\/li>\n\n\n\n<li>\u0420\u0443\u0447\u043a\u0430: 120 \u00d7 23 \u00d7 15 \u043c\u043c<\/li>\n\n\n\n<li>\u0412\u0435\u0441: 115 \u0433<\/li>\n\n\n\n<li>\u041a\u043e\u043d\u0441\u0442\u0440\u0443\u043a\u0446\u0438\u044f: \u0441\u0430\u043d\u043c\u0430\u0439 \/ \u0432\u0430\u0440\u0438\u043a\u043e\u043c\u0438 (\u0442\u0440\u0435\u0445\u0441\u043b\u043e\u0439\u043d\u043e\u0435 \u043b\u0430\u043c\u0438\u043d\u0438\u0440\u043e\u0432\u0430\u043d\u043d\u043e\u0435 \u043f\u043e\u043a\u0440\u044b\u0442\u0438\u0435)<\/li>\n\n\n\n<li>\u0421\u0442\u0430\u043b\u044c: \u0410\u043e\u0433\u0430\u043c\u0438 (\u0413\u043e\u043b\u0443\u0431\u0430\u044f \u0431\u0443\u043c\u0430\u0436\u043d\u0430\u044f \u0441\u0442\u0430\u043b\u044c, \u042f\u0441\u0443\u043a\u0438)<\/li>\n<\/ul>\n\n\n\n<p><strong>\u041f\u0435\u0440\u0435\u0432\u043e\u0434 \u0438\u0437 \u043a\u043e\u0440\u043e\u0431\u043a\u0438<\/strong><br>\u7279\u88fd (\u0422\u043e\u043a\u0443\u0441\u044d\u0439) - \u0441\u043f\u0435\u0446\u0438\u0430\u043b\u044c\u043d\u043e\u0435 \u043f\u0440\u043e\u0438\u0437\u0432\u043e\u0434\u0441\u0442\u0432\u043e, \u0432\u044b\u0441\u043e\u043a\u043e\u0435 \u043a\u0430\u0447\u0435\u0441\u0442\u0432\u043e<br>\u6599\u7406\u5305\u4e01 (Ry\u014dri b\u014dch\u014d) - \u043a\u0443\u0445\u043e\u043d\u043d\u044b\u0439 \u043d\u043e\u0436<br>\u041e\u0431\u0449\u0435\u0435 \u0437\u043d\u0430\u0447\u0435\u043d\u0438\u0435: \u0432\u044b\u0441\u043e\u043a\u043e\u043a\u0430\u0447\u0435\u0441\u0442\u0432\u0435\u043d\u043d\u044b\u0439 \u043a\u0443\u0445\u043e\u043d\u043d\u044b\u0439 \u043d\u043e\u0436<\/p>\n\n\n\n<p><strong>\u041f\u0435\u0440\u0435\u0432\u043e\u0434 \u0441 \u043f\u043b\u0430\u0441\u0442\u0438\u043a\u043e\u0432\u043e\u0433\u043e \u043b\u043e\u0442\u043a\u0430<\/strong><br>\u5b89\u6765\u92fc\u9752\u7d19\u5272\u8fbc (Yasuki-hagane Aogami warikomi) - \u0441\u0442\u0430\u043b\u044c Yasuki, Aogami (Blue Paper Steel), \u043b\u0430\u043c\u0438\u043d\u0438\u0440\u043e\u0432\u0430\u043d\u043d\u0430\u044f (\u043b\u0438\u0442\u0430\u044f) \u043a\u043e\u043d\u0441\u0442\u0440\u0443\u043a\u0446\u0438\u044f<br>\u935b\u9020\u5305\u4e01 (Tanz\u014d b\u014dch\u014d) - \u043a\u043e\u0432\u0430\u043d\u044b\u0439 \u043a\u0443\u0445\u043e\u043d\u043d\u044b\u0439 \u043d\u043e\u0436<\/p>\n\n\n\n<p><strong>\u041f\u043e\u044f\u0441\u043d\u0435\u043d\u0438\u0435<\/strong><br>\u0421\u0442\u0430\u043b\u044c Yasuki - \u044d\u0442\u043e \u0432\u044b\u0441\u043e\u043a\u043e\u043a\u0430\u0447\u0435\u0441\u0442\u0432\u0435\u043d\u043d\u0430\u044f \u044f\u043f\u043e\u043d\u0441\u043a\u0430\u044f \u0441\u0442\u0430\u043b\u044c, \u043f\u0440\u043e\u0438\u0437\u0432\u043e\u0434\u0438\u043c\u0430\u044f \u043a\u043e\u043c\u043f\u0430\u043d\u0438\u0435\u0439 Hitachi. \u0421\u0442\u0430\u043b\u044c Aogami (Blue Paper Steel) \u043e\u0442\u043b\u0438\u0447\u043d\u043e \u0441\u043e\u0445\u0440\u0430\u043d\u044f\u0435\u0442 \u043e\u0441\u0442\u0440\u043e\u0442\u0443 \u0438 \u043e\u0431\u0435\u0441\u043f\u0435\u0447\u0438\u0432\u0430\u0435\u0442 \u043e\u0447\u0435\u043d\u044c \u0430\u0433\u0440\u0435\u0441\u0441\u0438\u0432\u043d\u044b\u0439, \u0442\u043e\u0447\u043d\u044b\u0439 \u0440\u0435\u0437. \u041a\u043e\u043d\u0441\u0442\u0440\u0443\u043a\u0446\u0438\u044f warikomi (sanmai) \u043e\u0437\u043d\u0430\u0447\u0430\u0435\u0442, \u0447\u0442\u043e \u0442\u0432\u0435\u0440\u0434\u0430\u044f \u0441\u0435\u0440\u0434\u0446\u0435\u0432\u0438\u043d\u0430 Aogami \u043d\u0430\u0445\u043e\u0434\u0438\u0442\u0441\u044f \u043c\u0435\u0436\u0434\u0443 \u0431\u043e\u043b\u0435\u0435 \u043c\u044f\u0433\u043a\u0438\u043c\u0438 \u0441\u043b\u043e\u044f\u043c\u0438 \u0441\u0442\u0430\u043b\u0438, \u0447\u0442\u043e \u0434\u0435\u043b\u0430\u0435\u0442 \u043d\u043e\u0436 \u043f\u0440\u043e\u0447\u043d\u044b\u043c \u0438 \u043c\u0435\u043d\u0435\u0435 \u0445\u0440\u0443\u043f\u043a\u0438\u043c.<\/p>\n\n\n\n<p><strong>\u0421\u043e\u0441\u0442\u043e\u044f\u043d\u0438\u0435<\/strong><br>\u0418\u0441\u043f\u043e\u043b\u044c\u0437\u043e\u0432\u0430\u043b\u0441\u044f, \u0437\u0430\u0442\u043e\u0447\u0435\u043d \u043d\u0430\u0442\u0443\u0440\u0430\u043b\u044c\u043d\u044b\u043c\u0438 \u043a\u0430\u043c\u043d\u044f\u043c\u0438. \u041b\u0435\u0437\u0432\u0438\u0435 \u0433\u043e\u0442\u043e\u0432\u043e \u043a \u0438\u0441\u043f\u043e\u043b\u044c\u0437\u043e\u0432\u0430\u043d\u0438\u044e.<\/p>","protected":false},"excerpt":{"rendered":"<p>\u0422\u043e\u043d\u043a\u0438\u0439 \u0438 \u043b\u0435\u0433\u043a\u0438\u0439 \u044f\u043f\u043e\u043d\u0441\u043a\u0438\u0439 \u043d\u043e\u0436 Santoku \u0441 \u043d\u0430\u0441\u0442\u043e\u044f\u0449\u0438\u043c \u0441\u0435\u0440\u0434\u0435\u0447\u043d\u0438\u043a\u043e\u043c Aogami \u0438 \u0442\u0440\u0430\u0434\u0438\u0446\u0438\u043e\u043d\u043d\u043e\u0439 \u043b\u0430\u043c\u0438\u043d\u0438\u0440\u043e\u0432\u0430\u043d\u043d\u043e\u0439 (sanmai) \u043a\u043e\u043d\u0441\u0442\u0440\u0443\u043a\u0446\u0438\u0435\u0439. \u041e\u0442\u043b\u0438\u0447\u043d\u044b\u0439 \u0432\u044b\u0431\u043e\u0440 \u043a\u0430\u043a \u0434\u043b\u044f \u043f\u043e\u0432\u0441\u0435\u0434\u043d\u0435\u0432\u043d\u043e\u0433\u043e \u0438\u0441\u043f\u043e\u043b\u044c\u0437\u043e\u0432\u0430\u043d\u0438\u044f, \u0442\u0430\u043a \u0438 \u0434\u043b\u044f \u0442\u0435\u0445, \u043a\u0442\u043e \u0438\u0449\u0435\u0442 \u043d\u043e\u0436 \u0441 \u044f\u043f\u043e\u043d\u0441\u043a\u0438\u043c \u0445\u0430\u0440\u0430\u043a\u0442\u0435\u0440\u043e\u043c.<\/p>","protected":false},"featured_media":5994,"comment_status":"closed","ping_status":"closed","template":"","meta":[],"product_brand":[],"product_cat":[24],"product_tag":[333,76],"class_list":{"0":"post-5987","1":"product","2":"type-product","3":"status-publish","4":"has-post-thumbnail","6":"product_cat-knifes","7":"product_tag-aogami","8":"product_tag-peilis","9":"product_shipping_class-light","11":"first","12":"instock","13":"shipping-taxable","14":"purchasable","15":"product-type-simple"},"_links":{"self":[{"href":"https:\/\/jnats.eu\/ru\/wp-json\/wp\/v2\/product\/5987","targetHints":{"allow":["GET"]}}],"collection":[{"href":"https:\/\/jnats.eu\/ru\/wp-json\/wp\/v2\/product"}],"about":[{"href":"https:\/\/jnats.eu\/ru\/wp-json\/wp\/v2\/types\/product"}],"replies":[{"embeddable":true,"href":"https:\/\/jnats.eu\/ru\/wp-json\/wp\/v2\/comments?post=5987"}],"wp:featuredmedia":[{"embeddable":true,"href":"https:\/\/jnats.eu\/ru\/wp-json\/wp\/v2\/media\/5994"}],"wp:attachment":[{"href":"https:\/\/jnats.eu\/ru\/wp-json\/wp\/v2\/media?parent=5987"}],"wp:term":[{"taxonomy":"product_brand","embeddable":true,"href":"https:\/\/jnats.eu\/ru\/wp-json\/wp\/v2\/product_brand?post=5987"},{"taxonomy":"product_cat","embeddable":true,"href":"https:\/\/jnats.eu\/ru\/wp-json\/wp\/v2\/product_cat?post=5987"},{"taxonomy":"product_tag","embeddable":true,"href":"https:\/\/jnats.eu\/ru\/wp-json\/wp\/v2\/product_tag?post=5987"}],"curies":[{"name":"wp","href":"https:\/\/api.w.org\/{rel}","templated":true}]}}